{"id":1908,"date":"2025-05-15T10:43:32","date_gmt":"2025-05-15T08:43:32","guid":{"rendered":"https:\/\/amministra.ch\/wp\/index.php\/i-nostri-valori\/"},"modified":"2025-06-27T09:27:19","modified_gmt":"2025-06-27T09:27:19","slug":"i-nostri-valori","status":"publish","type":"page","link":"https:\/\/amministra.ch\/en\/our-values\/","title":{"rendered":"Our values"},"content":{"rendered":"<div class=\"wp-block-uagb-container uagb-block-ed38b9a2 alignfull uagb-is-root-container\"><div class=\"uagb-container-inner-blocks-wrap\">\n<div class=\"wp-block-uagb-info-box uagb-block-3f1fb4ad uagb-infobox__content-wrap  uagb-infobox-icon-above-title uagb-infobox-image-valign-top\"><div class=\"uagb-ifb-content\"><div class=\"uagb-ifb-title-wrap\"><p class=\"uagb-ifb-title-prefix\">Experience, method, vision<\/p><h2 class=\"uagb-ifb-title\">Our Values<\/h2><\/div><p class=\"uagb-ifb-desc\">At Amministra Consulting, values are not just abstract principles, but foundations that guide our every action. We believe in a privileged, solid, and discreet relationship with our clients, built on essential pillars: integrity, competence, and confidentiality.<\/p><\/div><\/div>\n<\/div><\/div>\n\n\n\n<div class=\"wp-block-uagb-container uagb-block-ma1wcwmd alignfull uagb-is-root-container\"><div class=\"uagb-container-inner-blocks-wrap\">\n<div class=\"wp-block-uagb-info-box uagb-block-jqnmnrvg uagb-infobox__content-wrap  uagb-infobox-icon-above-title uagb-infobox-image-valign-top\"><div class=\"uagb-ifb-content\"><div class=\"uagb-ifb-title-wrap\"><\/div><p class=\"uagb-ifb-desc\">Thanks to our experience and the expertise of our team, Amministra SA has become one of the most appreciated companies in Italian-speaking Switzerland, with an international and diversified clientele. We work with individuals and institutions, offering customized solutions and high-level consulting.<\/p><\/div><\/div>\n\n\n\n<div class=\"wp-block-uagb-container uagb-layout-flex uagb-block-cfd4be6e\">\n<div class=\"wp-block-uagb-info-box uagb-block-kwhtstgs uagb-infobox__content-wrap  uagb-infobox-icon-above-title uagb-infobox-image-valign-top\"><div class=\"uagb-ifb-content\"><div class=\"uagb-ifb-title-wrap\"><p class=\"uagb-ifb-title-prefix\">01<\/p><div class=\"uagb-ifb-separator\"><\/div><h3 class=\"uagb-ifb-title\">Professional integrity<\/h3><\/div><\/div><\/div>\n\n\n\n<p>The relationship with the client is at the heart of everything we do. Our professional integrity is a constant, expressed in the transparency of our actions and the consistency of our decisions. We operate with in-depth knowledge of tax, corporate, and administrative regulations, ensuring accurate and timely solutions.<\/p>\n\n\n\n<div class=\"wp-block-uagb-info-box uagb-block-c2af7961 uagb-infobox__content-wrap  uagb-infobox-icon-above-title uagb-infobox-image-valign-top wp-block-uagb-info-box--has-margin\"><div class=\"uagb-infobox-margin-wrapper\"><div class=\"uagb-ifb-content\"><div class=\"uagb-ifb-title-wrap\"><p class=\"uagb-ifb-title-prefix\">02<\/p><div class=\"uagb-ifb-separator\"><\/div><h3 class=\"uagb-ifb-title\">Accuracy, reliability, and timeliness<\/h3><\/div><\/div><\/div><\/div>\n\n\n\n<p>We know that in our industry, every decision counts. That's why we pay the utmost attention to defining clear and detailed action plans, ensuring accurate and reliable advice. Speed is not just a goal, but a commitment: we are ready to act promptly, without ever compromising on the quality of our work.<\/p>\n\n\n\n<div class=\"wp-block-uagb-info-box uagb-block-ffb2410d uagb-infobox__content-wrap  uagb-infobox-icon-above-title uagb-infobox-image-valign-top\"><div class=\"uagb-ifb-content\"><div class=\"uagb-ifb-title-wrap\"><p class=\"uagb-ifb-title-prefix\">03<\/p><div class=\"uagb-ifb-separator\"><\/div><h3 class=\"uagb-ifb-title\">Absolute confidentiality<\/h3><\/div><\/div><\/div>\n\n\n\n<p>Trust is our most valuable asset. We protect all our clients' information with the utmost discretion, guaranteeing a secure and confidential environment. Privacy is not just a legal requirement, but a promise of professionalism and respect towards those who place their trust in us.<\/p>\n<\/div>\n<\/div><\/div>\n\n\n\n<div class=\"wp-block-uagb-container uagb-block-owc8zemv alignfull uagb-is-root-container\"><div class=\"uagb-container-inner-blocks-wrap\">\n<div class=\"wp-block-uagb-container uagb-block-12jgpvtd\">\n<div class=\"wp-block-uagb-info-box uagb-block-obqf4dc7 uagb-infobox__content-wrap  uagb-infobox-icon-above-title uagb-infobox-image-valign-top\"><div class=\"uagb-ifb-content\"><div class=\"uagb-ifb-title-wrap\"><h2 class=\"uagb-ifb-title\">Let's talk<\/h2><\/div><p class=\"uagb-ifb-desc\">Please do not hesitate to contact us directly by calling us at the following numbers:<\/p><\/div><\/div>\n\n\n\n<div class=\"wp-block-uagb-info-box uagb-block-xbcgfklu uagb-infobox__content-wrap  uagb-infobox-icon-left-title uagb-infobox-left uagb-infobox-image-valign-top\"><div class=\"uagb-ifb-content\"><div class=\"uagb-ifb-left-title-image\"><div class=\"uagb-ifb-icon-wrap\"><svg xmlns=\"https:\/\/www.w3.org\/2000\/svg\" viewbox=\"0 0 384 512\"><path d=\"M168.3 499.2C116.1 435 0 279.4 0 192C0 85.96 85.96 0 192 0C298 0 384 85.96 384 192C384 279.4 267 435 215.7 499.2C203.4 514.5 180.6 514.5 168.3 499.2H168.3zM192 256C227.3 256 256 227.3 256 192C256 156.7 227.3 128 192 128C156.7 128 128 156.7 128 192C128 227.3 156.7 256 192 256z\"><\/path><\/svg><\/div><div class=\"uagb-ifb-title-wrap\"><p class=\"uagb-ifb-title\">ADDRESS<\/p><\/div><\/div><p class=\"uagb-ifb-desc\">Piazza dell&#8217;Indipendenza 3, CP 1031<br>CH &#8211; 6901 Lugano<\/p><div class=\"uagb-ifb-separator\"><\/div><\/div><\/div>\n\n\n\n<div class=\"wp-block-uagb-info-box uagb-block-2nyq5xbh uagb-infobox__content-wrap  uagb-infobox-icon-left-title uagb-infobox-left uagb-infobox-image-valign-top\"><div class=\"uagb-ifb-content\"><div class=\"uagb-ifb-left-title-image\"><div class=\"uagb-ifb-icon-wrap\"><svg xmlns=\"https:\/\/www.w3.org\/2000\/svg\" viewbox=\"0 0 512 512\"><path d=\"M511.2 387l-23.25 100.8c-3.266 14.25-15.79 24.22-30.46 24.22C205.2 512 0 306.8 0 54.5c0-14.66 9.969-27.2 24.22-30.45l100.8-23.25C139.7-2.602 154.7 5.018 160.8 18.92l46.52 108.5c5.438 12.78 1.77 27.67-8.98 36.45L144.5 207.1c33.98 69.22 90.26 125.5 159.5 159.5l44.08-53.8c8.688-10.78 23.69-14.51 36.47-8.975l108.5 46.51C506.1 357.2 514.6 372.4 511.2 387z\"><\/path><\/svg><\/div><div class=\"uagb-ifb-title-wrap\"><p class=\"uagb-ifb-title\">PHONE<\/p><\/div><\/div><p class=\"uagb-ifb-desc\">+41 (0) 91 911 11 00<br><\/p><div class=\"uagb-ifb-separator\"><\/div><\/div><\/div>\n\n\n\n<div class=\"wp-block-uagb-info-box uagb-block-kicjvkd1 uagb-infobox__content-wrap  uagb-infobox-icon-left-title uagb-infobox-left uagb-infobox-image-valign-top\"><div class=\"uagb-ifb-content\"><div class=\"uagb-ifb-left-title-image\"><div class=\"uagb-ifb-icon-wrap\"><svg xmlns=\"https:\/\/www.w3.org\/2000\/svg\" viewbox=\"0 0 512 512\"><path d=\"M464 64C490.5 64 512 85.49 512 112C512 127.1 504.9 141.3 492.8 150.4L275.2 313.6C263.8 322.1 248.2 322.1 236.8 313.6L19.2 150.4C7.113 141.3 0 127.1 0 112C0 85.49 21.49 64 48 64H464zM217.6 339.2C240.4 356.3 271.6 356.3 294.4 339.2L512 176V384C512 419.3 483.3 448 448 448H64C28.65 448 0 419.3 0 384V176L217.6 339.2z\"><\/path><\/svg><\/div><div class=\"uagb-ifb-title-wrap\"><p class=\"uagb-ifb-title\">Email<\/p><\/div><\/div><p class=\"uagb-ifb-desc\">info@amministra.ch<\/p><div class=\"uagb-ifb-separator\"><\/div><\/div><\/div>\n<\/div>\n<\/div><\/div>","protected":false},"excerpt":{"rendered":"<p>Il rapporto con il cliente \u00e8 al centro di tutto ci\u00f2 che facciamo. La nostra integrit\u00e0 professionale \u00e8 una costante, [&hellip;]<\/p>","protected":false},"author":1,"featured_media":0,"parent":0,"menu_order":0,"comment_status":"closed","ping_status":"closed","template":"","meta":{"_uag_custom_page_level_css":"","site-sidebar-layout":"no-sidebar","site-content-layout":"","ast-site-content-layout":"normal-width-container","site-content-style":"unboxed","site-sidebar-style":"default","ast-global-header-display":"","ast-banner-title-visibility":"","ast-main-header-display":"","ast-hfb-above-header-display":"","ast-hfb-below-header-display":"","ast-hfb-mobile-header-display":"","site-post-title":"disabled","ast-breadcrumbs-content":"","ast-featured-img":"","footer-sml-layout":"","theme-transparent-header-meta":"enabled","adv-header-id-meta":"","stick-header-meta":"","header-above-stick-meta":"","header-main-stick-meta":"","header-below-stick-meta":"","astra-migrate-meta-layouts":"set","ast-page-background-enabled":"default","ast-page-background-meta":{"desktop":{"background-color":"var(--ast-global-color-4)","background-image":"","background-repeat":"repeat","background-position":"center center","background-size":"auto","background-attachment":"scroll","background-type":"","background-media":"","overlay-type":"","overlay-color":"","overlay-opacity":"","overlay-gradient":""},"tablet":{"background-color":"","background-image":"","background-repeat":"repeat","background-position":"center center","background-size":"auto","background-attachment":"scroll","background-type":"","background-media":"","overlay-type":"","overlay-color":"","overlay-opacity":"","overlay-gradient":""},"mobile":{"background-color":"","background-image":"","background-repeat":"repeat","background-position":"center center","background-size":"auto","background-attachment":"scroll","background-type":"","background-media":"","overlay-type":"","overlay-color":"","overlay-opacity":"","overlay-gradient":""}},"ast-content-background-meta":{"desktop":{"background-color":"var(--ast-global-color-5)","background-image":"","background-repeat":"repeat","background-position":"center center","background-size":"auto","background-attachment":"scroll","background-type":"","background-media":"","overlay-type":"","overlay-color":"","overlay-opacity":"","overlay-gradient":""},"tablet":{"background-color":"var(--ast-global-color-5)","background-image":"","background-repeat":"repeat","background-position":"center center","background-size":"auto","background-attachment":"scroll","background-type":"","background-media":"","overlay-type":"","overlay-color":"","overlay-opacity":"","overlay-gradient":""},"mobile":{"background-color":"var(--ast-global-color-5)","background-image":"","background-repeat":"repeat","background-position":"center center","background-size":"auto","background-attachment":"scroll","background-type":"","background-media":"","overlay-type":"","overlay-color":"","overlay-opacity":"","overlay-gradient":""}},"footnotes":""},"class_list":["post-1908","page","type-page","status-publish","hentry"],"yoast_head":"<!-- This site is optimized with the Yoast SEO plugin v25.5 - https:\/\/yoast.com\/wordpress\/plugins\/seo\/ -->\n<title>Valori consulenza fiduciaria Lugano | Amministra SA<\/title>\n<meta name=\"description\" content=\"I valori di Amministra SA guidano ogni servizio di consulenza fiduciaria a Lugano: integrit\u00e0, precisione, riservatezza e competenza professionale.\" \/>\n<meta name=\"robots\" content=\"index, follow, max-snippet:-1, max-image-preview:large, max-video-preview:-1\" \/>\n<link rel=\"canonical\" href=\"https:\/\/amministra.ch\/en\/our-values\/\" \/>\n<meta property=\"og:locale\" content=\"en_GB\" \/>\n<meta property=\"og:type\" content=\"article\" \/>\n<meta property=\"og:title\" content=\"Valori consulenza fiduciaria Lugano | Amministra SA\" \/>\n<meta property=\"og:description\" content=\"I valori di Amministra SA guidano ogni servizio di consulenza fiduciaria a Lugano: integrit\u00e0, precisione, riservatezza e competenza professionale.\" \/>\n<meta property=\"og:url\" content=\"https:\/\/amministra.ch\/en\/our-values\/\" \/>\n<meta property=\"og:site_name\" content=\"Amministra Consulting SA\" \/>\n<meta property=\"article:modified_time\" content=\"2025-06-27T09:27:19+00:00\" \/>\n<meta name=\"twitter:card\" content=\"summary_large_image\" \/>\n<meta name=\"twitter:label1\" content=\"Estimated reading time\" \/>\n\t<meta name=\"twitter:data1\" content=\"2 minutes\" \/>\n<script type=\"application\/ld+json\" class=\"yoast-schema-graph\">{\"@context\":\"https:\/\/schema.org\",\"@graph\":[{\"@type\":\"WebPage\",\"@id\":\"https:\/\/amministra.ch\/i-nostri-valori\/\",\"url\":\"https:\/\/amministra.ch\/i-nostri-valori\/\",\"name\":\"Valori consulenza fiduciaria Lugano | Amministra SA\",\"isPartOf\":{\"@id\":\"https:\/\/amministra.ch\/#website\"},\"datePublished\":\"2025-05-15T08:43:32+00:00\",\"dateModified\":\"2025-06-27T09:27:19+00:00\",\"description\":\"I valori di Amministra SA guidano ogni servizio di consulenza fiduciaria a Lugano: integrit\u00e0, precisione, riservatezza e competenza professionale.\",\"breadcrumb\":{\"@id\":\"https:\/\/amministra.ch\/i-nostri-valori\/#breadcrumb\"},\"inLanguage\":\"en-GB\",\"potentialAction\":[{\"@type\":\"ReadAction\",\"target\":[\"https:\/\/amministra.ch\/i-nostri-valori\/\"]}]},{\"@type\":\"BreadcrumbList\",\"@id\":\"https:\/\/amministra.ch\/i-nostri-valori\/#breadcrumb\",\"itemListElement\":[{\"@type\":\"ListItem\",\"position\":1,\"name\":\"Home\",\"item\":\"https:\/\/amministra.ch\/\"},{\"@type\":\"ListItem\",\"position\":2,\"name\":\"I nostri valori\"}]},{\"@type\":\"WebSite\",\"@id\":\"https:\/\/amministra.ch\/#website\",\"url\":\"https:\/\/amministra.ch\/\",\"name\":\"Amministra Consulting SA\",\"description\":\"\",\"publisher\":{\"@id\":\"https:\/\/amministra.ch\/#organization\"},\"potentialAction\":[{\"@type\":\"SearchAction\",\"target\":{\"@type\":\"EntryPoint\",\"urlTemplate\":\"https:\/\/amministra.ch\/?s={search_term_string}\"},\"query-input\":{\"@type\":\"PropertyValueSpecification\",\"valueRequired\":true,\"valueName\":\"search_term_string\"}}],\"inLanguage\":\"en-GB\"},{\"@type\":\"Organization\",\"@id\":\"https:\/\/amministra.ch\/#organization\",\"name\":\"Amministra Consulting SA\",\"url\":\"https:\/\/amministra.ch\/\",\"logo\":{\"@type\":\"ImageObject\",\"inLanguage\":\"en-GB\",\"@id\":\"https:\/\/amministra.ch\/#\/schema\/logo\/image\/\",\"url\":\"https:\/\/amministra.ch\/wp\/wp-content\/uploads\/2025\/06\/logo-w.png\",\"contentUrl\":\"https:\/\/amministra.ch\/wp\/wp-content\/uploads\/2025\/06\/logo-w.png\",\"width\":309,\"height\":239,\"caption\":\"Amministra Consulting SA\"},\"image\":{\"@id\":\"https:\/\/amministra.ch\/#\/schema\/logo\/image\/\"}}]}<\/script>\n<!-- \/ Yoast SEO plugin. -->","yoast_head_json":{"title":"Fiduciary Consulting Values Lugano | Amministra SA","description":"The values of Amministra SA guide every fiduciary consulting service in Lugano: integrity, precision, confidentiality, and professional expertise.","robots":{"index":"index","follow":"follow","max-snippet":"max-snippet:-1","max-image-preview":"max-image-preview:large","max-video-preview":"max-video-preview:-1"},"canonical":"https:\/\/amministra.ch\/en\/our-values\/","og_locale":"en_GB","og_type":"article","og_title":"Valori consulenza fiduciaria Lugano | Amministra SA","og_description":"I valori di Amministra SA guidano ogni servizio di consulenza fiduciaria a Lugano: integrit\u00e0, precisione, riservatezza e competenza professionale.","og_url":"https:\/\/amministra.ch\/en\/our-values\/","og_site_name":"Amministra Consulting SA","article_modified_time":"2025-06-27T09:27:19+00:00","twitter_card":"summary_large_image","twitter_misc":{"Estimated reading time":"2 minutes"},"schema":{"@context":"https:\/\/schema.org","@graph":[{"@type":"WebPage","@id":"https:\/\/amministra.ch\/i-nostri-valori\/","url":"https:\/\/amministra.ch\/i-nostri-valori\/","name":"Fiduciary Consulting Values Lugano | Amministra SA","isPartOf":{"@id":"https:\/\/amministra.ch\/#website"},"datePublished":"2025-05-15T08:43:32+00:00","dateModified":"2025-06-27T09:27:19+00:00","description":"The values of Amministra SA guide every fiduciary consulting service in Lugano: integrity, precision, confidentiality, and professional expertise.","breadcrumb":{"@id":"https:\/\/amministra.ch\/i-nostri-valori\/#breadcrumb"},"inLanguage":"en-GB","potentialAction":[{"@type":"ReadAction","target":["https:\/\/amministra.ch\/i-nostri-valori\/"]}]},{"@type":"BreadcrumbList","@id":"https:\/\/amministra.ch\/i-nostri-valori\/#breadcrumb","itemListElement":[{"@type":"ListItem","position":1,"name":"Home","item":"https:\/\/amministra.ch\/"},{"@type":"ListItem","position":2,"name":"I nostri valori"}]},{"@type":"WebSite","@id":"https:\/\/amministra.ch\/#website","url":"https:\/\/amministra.ch\/","name":"Amministra Consulting SA","description":"","publisher":{"@id":"https:\/\/amministra.ch\/#organization"},"potentialAction":[{"@type":"SearchAction","target":{"@type":"EntryPoint","urlTemplate":"https:\/\/amministra.ch\/?s={search_term_string}"},"query-input":{"@type":"PropertyValueSpecification","valueRequired":true,"valueName":"search_term_string"}}],"inLanguage":"en-GB"},{"@type":"Organization","@id":"https:\/\/amministra.ch\/#organization","name":"Amministra Consulting SA","url":"https:\/\/amministra.ch\/","logo":{"@type":"ImageObject","inLanguage":"en-GB","@id":"https:\/\/amministra.ch\/#\/schema\/logo\/image\/","url":"https:\/\/amministra.ch\/wp\/wp-content\/uploads\/2025\/06\/logo-w.png","contentUrl":"https:\/\/amministra.ch\/wp\/wp-content\/uploads\/2025\/06\/logo-w.png","width":309,"height":239,"caption":"Amministra Consulting SA"},"image":{"@id":"https:\/\/amministra.ch\/#\/schema\/logo\/image\/"}}]}},"uagb_featured_image_src":{"full":false,"thumbnail":false,"medium":false,"medium_large":false,"large":false,"1536x1536":false,"2048x2048":false,"trp-custom-language-flag":false},"uagb_author_info":{"display_name":"admin","author_link":"https:\/\/amministra.ch\/en\/author\/nextadmin\/"},"uagb_comment_info":0,"uagb_excerpt":"Il rapporto con il cliente \u00e8 al centro di tutto ci\u00f2 che facciamo. La nostra integrit\u00e0 professionale \u00e8 una costante, [&hellip;]","_links":{"self":[{"href":"https:\/\/amministra.ch\/en\/wp-json\/wp\/v2\/pages\/1908","targetHints":{"allow":["GET"]}}],"collection":[{"href":"https:\/\/amministra.ch\/en\/wp-json\/wp\/v2\/pages"}],"about":[{"href":"https:\/\/amministra.ch\/en\/wp-json\/wp\/v2\/types\/page"}],"author":[{"embeddable":true,"href":"https:\/\/amministra.ch\/en\/wp-json\/wp\/v2\/users\/1"}],"replies":[{"embeddable":true,"href":"https:\/\/amministra.ch\/en\/wp-json\/wp\/v2\/comments?post=1908"}],"version-history":[{"count":0,"href":"https:\/\/amministra.ch\/en\/wp-json\/wp\/v2\/pages\/1908\/revisions"}],"wp:attachment":[{"href":"https:\/\/amministra.ch\/en\/wp-json\/wp\/v2\/media?parent=1908"}],"curies":[{"name":"wp","href":"https:\/\/api.w.org\/{rel}","templated":true}]}}